{"id":458,"date":"2020-06-30T10:23:15","date_gmt":"2020-06-30T10:23:15","guid":{"rendered":"http:\/\/gyerekbirodalom.hu\/?page_id=458"},"modified":"2020-06-30T10:29:11","modified_gmt":"2020-06-30T10:29:11","slug":"somos-mate","status":"publish","type":"page","link":"https:\/\/gyerekbirodalom.hu\/en\/somos-mate\/","title":{"rendered":"Somos M\u00e1t\u00e9"},"content":{"rendered":"<div data-elementor-type=\"wp-page\" data-elementor-id=\"458\" class=\"elementor elementor-458\" data-elementor-post-type=\"page\">\n\t\t\t\t\t\t\t\t\t<section class=\"elementor-section elementor-top-section elementor-element elementor-element-e187f9e elementor-section-full_width elementor-section-height-min-height elementor-section-items-stretch elementor-section-height-default\" data-id=\"e187f9e\" data-element_type=\"section\">\n\t\t\t\t\t\t<div class=\"elementor-container elementor-column-gap-default\">\n\t\t\t\t\t<div class=\"elementor-column elementor-col-50 elementor-top-column elementor-element elementor-element-1d38d94\" data-id=\"1d38d94\" data-element_type=\"column\" data-settings=\"{&quot;background_background&quot;:&quot;classic&quot;}\">\n\t\t\t<div class=\"elementor-widget-wrap elementor-element-populated\">\n\t\t\t\t\t\t\t\t<div class=\"elementor-element elementor-element-dd8eb11 elementor-widget elementor-widget-spacer\" data-id=\"dd8eb11\" data-element_type=\"widget\" data-widget_type=\"spacer.default\">\n\t\t\t\t<div class=\"elementor-widget-container\">\n\t\t\t\t\t<div class=\"elementor-spacer\">\n\t\t\t<div class=\"elementor-spacer-inner\"><\/div>\n\t\t<\/div>\n\t\t\t\t<\/div>\n\t\t\t\t<\/div>\n\t\t\t\t\t<\/div>\n\t\t<\/div>\n\t\t\t\t<div class=\"elementor-column elementor-col-50 elementor-top-column elementor-element elementor-element-77838f79 elementor-invisible\" data-id=\"77838f79\" data-element_type=\"column\" data-settings=\"{&quot;animation&quot;:&quot;fadeInRight&quot;}\">\n\t\t\t<div class=\"elementor-widget-wrap elementor-element-populated\">\n\t\t\t\t\t\t\t\t<div class=\"elementor-element elementor-element-7645c05a elementor-widget elementor-widget-heading\" data-id=\"7645c05a\" data-element_type=\"widget\" data-widget_type=\"heading.default\">\n\t\t\t\t<div class=\"elementor-widget-container\">\n\t\t\t<h2 class=\"elementor-heading-title elementor-size-default\">SOMOS M\u00c1T\u00c9 <\/h2>\t\t<\/div>\n\t\t\t\t<\/div>\n\t\t\t\t<div class=\"elementor-element elementor-element-3398ba4b elementor-widget elementor-widget-text-editor\" data-id=\"3398ba4b\" data-element_type=\"widget\" data-widget_type=\"text-editor.default\">\n\t\t\t\t<div class=\"elementor-widget-container\">\n\t\t\t\t\t\t\t<p>M\u00e1t\u00e9 is our nursery teacher, he is a trained early years specialist and child care  assistant. He creates a peaceful and loving atmosphere. He ministers children to have a positive first socializing experience so they will settle-in with ease also into the kindergarten later. M\u00e1t\u00e9 is also the musician of the nursery. As he takes his guitar off the shelf, children already gather around him because he knows the best songs, nursery rhymes. While developing their musical talent, instrumental music with songs  will also have a positive effect on the kids\u2019 language learning skills.<\/p>\t\t\t\t\t\t<\/div>\n\t\t\t\t<\/div>\n\t\t\t\t\t<\/div>\n\t\t<\/div>\n\t\t\t\t\t\t\t<\/div>\n\t\t<\/section>\n\t\t\t\t\t\t\t<\/div>","protected":false},"excerpt":{"rendered":"<p>SOMOS M\u00c1T\u00c9 M\u00e1t\u00e9 a b\u00f6lcs\u0151de kisgyermeknevel\u0151je, kisgyermeknevel\u0151-gyermekotthoni asszisztens szakir\u00e1nyon v\u00e9gzett. A b\u00f6lcsiben a nyugalom, a szeretetteljes l\u00e9gk\u00f6r megteremt\u0151je. Seg\u00edt a kicsiknek, hogy az els\u0151 szocializ\u00e1ci\u00f3s \u00e9lm\u00e9nyek pozit\u00edvak legyenek, \u00edgy az \u00f3vodai beilleszked\u00e9s is k\u00f6nnyebben megy majd. M\u00e1t\u00e9 egyben &nbsp;a b\u00f6lcsi zen\u00e9sze is. Amikor git\u00e1rj\u00e1t leveszi a polcr\u00f3l a gyerekek m\u00e1r gy\u0171lnek is k\u00f6r\u00e9, hiszen jobbn\u00e1l [&hellip;]<\/p>","protected":false},"author":2,"featured_media":0,"parent":0,"menu_order":0,"comment_status":"closed","ping_status":"closed","template":"elementor_header_footer","meta":[],"_links":{"self":[{"href":"https:\/\/gyerekbirodalom.hu\/en\/wp-json\/wp\/v2\/pages\/458"}],"collection":[{"href":"https:\/\/gyerekbirodalom.hu\/en\/wp-json\/wp\/v2\/pages"}],"about":[{"href":"https:\/\/gyerekbirodalom.hu\/en\/wp-json\/wp\/v2\/types\/page"}],"author":[{"embeddable":true,"href":"https:\/\/gyerekbirodalom.hu\/en\/wp-json\/wp\/v2\/users\/2"}],"replies":[{"embeddable":true,"href":"https:\/\/gyerekbirodalom.hu\/en\/wp-json\/wp\/v2\/comments?post=458"}],"version-history":[{"count":3,"href":"https:\/\/gyerekbirodalom.hu\/en\/wp-json\/wp\/v2\/pages\/458\/revisions"}],"predecessor-version":[{"id":469,"href":"https:\/\/gyerekbirodalom.hu\/en\/wp-json\/wp\/v2\/pages\/458\/revisions\/469"}],"wp:attachment":[{"href":"https:\/\/gyerekbirodalom.hu\/en\/wp-json\/wp\/v2\/media?parent=458"}],"curies":[{"name":"wp","href":"https:\/\/api.w.org\/{rel}","templated":true}]}}