{"id":437,"date":"2020-06-29T14:01:39","date_gmt":"2020-06-29T14:01:39","guid":{"rendered":"http:\/\/gyerekbirodalom.hu\/?page_id=437"},"modified":"2020-06-30T10:28:57","modified_gmt":"2020-06-30T10:28:57","slug":"somos-a-monika","status":"publish","type":"page","link":"https:\/\/gyerekbirodalom.hu\/en\/somos-a-monika\/","title":{"rendered":"Somos A. M\u00f3nika"},"content":{"rendered":"<div data-elementor-type=\"wp-page\" data-elementor-id=\"437\" class=\"elementor elementor-437\" data-elementor-post-type=\"page\">\n\t\t\t\t\t\t\t\t\t<section class=\"elementor-section elementor-top-section elementor-element elementor-element-e187f9e elementor-section-full_width elementor-section-height-min-height elementor-section-items-stretch elementor-section-height-default\" data-id=\"e187f9e\" data-element_type=\"section\">\n\t\t\t\t\t\t<div class=\"elementor-container elementor-column-gap-default\">\n\t\t\t\t\t<div class=\"elementor-column elementor-col-50 elementor-top-column elementor-element elementor-element-1d38d94\" data-id=\"1d38d94\" data-element_type=\"column\" data-settings=\"{&quot;background_background&quot;:&quot;classic&quot;}\">\n\t\t\t<div class=\"elementor-widget-wrap elementor-element-populated\">\n\t\t\t\t\t\t\t\t<div class=\"elementor-element elementor-element-dd8eb11 elementor-widget elementor-widget-spacer\" data-id=\"dd8eb11\" data-element_type=\"widget\" data-widget_type=\"spacer.default\">\n\t\t\t\t<div class=\"elementor-widget-container\">\n\t\t\t\t\t<div class=\"elementor-spacer\">\n\t\t\t<div class=\"elementor-spacer-inner\"><\/div>\n\t\t<\/div>\n\t\t\t\t<\/div>\n\t\t\t\t<\/div>\n\t\t\t\t\t<\/div>\n\t\t<\/div>\n\t\t\t\t<div class=\"elementor-column elementor-col-50 elementor-top-column elementor-element elementor-element-77838f79 elementor-invisible\" data-id=\"77838f79\" data-element_type=\"column\" data-settings=\"{&quot;animation&quot;:&quot;fadeInRight&quot;}\">\n\t\t\t<div class=\"elementor-widget-wrap elementor-element-populated\">\n\t\t\t\t\t\t\t\t<div class=\"elementor-element elementor-element-7645c05a elementor-widget elementor-widget-heading\" data-id=\"7645c05a\" data-element_type=\"widget\" data-widget_type=\"heading.default\">\n\t\t\t\t<div class=\"elementor-widget-container\">\n\t\t\t<h2 class=\"elementor-heading-title elementor-size-default\">SOMOS A.M\u00d3NIKA <\/h2>\t\t<\/div>\n\t\t\t\t<\/div>\n\t\t\t\t<div class=\"elementor-element elementor-element-3398ba4b elementor-widget elementor-widget-text-editor\" data-id=\"3398ba4b\" data-element_type=\"widget\" data-widget_type=\"text-editor.default\">\n\t\t\t\t<div class=\"elementor-widget-container\">\n\t\t\t\t\t\t\t<p>I am the founder of this school. In  year 1999 my children were of kindergarten age, so in the beginning  I established Gyerekbirodalom for them and for my friends\u2019 children. I tried to build up a school with warm atmosphere in our vicinity.  For me the most important thing is that children are given the same amount of love, knowledge and wonderful experiences as to my own children more then 20 years ago. My degrees include technical skills (I have an engineers diploma), Gordon pedagogy degree in early childhood developing.  Later I finished Social Studies Training School for managers.  Our team is capable of constant developing and teaching the kids how to explore the world, so they can become happy and successful individuals.<\/p>\t\t\t\t\t\t<\/div>\n\t\t\t\t<\/div>\n\t\t\t\t\t<\/div>\n\t\t<\/div>\n\t\t\t\t\t\t\t<\/div>\n\t\t<\/section>\n\t\t\t\t\t\t\t<\/div>","protected":false},"excerpt":{"rendered":"<p>SOMOS A.M\u00d3NIKA Az alap\u00edt\u00f3 vagyok, 2000. \u00e9vben a gyerekeim \u00f3vod\u00e1s kor\u00faak voltak,sz\u00e1mukra \u00e9s sz\u00e1momra hoztam l\u00e9tre csal\u00e1dom \u00e9s bar\u00e1taim seg\u00edts\u00e9g\u00e9vel a Gyerekbirodalmat. A mai napig jellemz\u0151 ez a csal\u00e1di-bar\u00e1ti&nbsp; \u00f6sszefog\u00e1s az \u00f3vod\u00e1ra-b\u00f6lcs\u0151d\u00e9re, mert most m\u00e1r az indul\u00f3 csapat gyerekei k\u00f6z\u00fcl &nbsp;is ker\u00fclt ki \u00f3vodapedag\u00f3gus, kisgyermeknevel\u0151, akik itt dolgoznak. Sz\u00e1momra az a fontos, hogy minden kisgyereknek [&hellip;]<\/p>","protected":false},"author":1,"featured_media":0,"parent":0,"menu_order":0,"comment_status":"closed","ping_status":"closed","template":"elementor_header_footer","meta":[],"_links":{"self":[{"href":"https:\/\/gyerekbirodalom.hu\/en\/wp-json\/wp\/v2\/pages\/437"}],"collection":[{"href":"https:\/\/gyerekbirodalom.hu\/en\/wp-json\/wp\/v2\/pages"}],"about":[{"href":"https:\/\/gyerekbirodalom.hu\/en\/wp-json\/wp\/v2\/types\/page"}],"author":[{"embeddable":true,"href":"https:\/\/gyerekbirodalom.hu\/en\/wp-json\/wp\/v2\/users\/1"}],"replies":[{"embeddable":true,"href":"https:\/\/gyerekbirodalom.hu\/en\/wp-json\/wp\/v2\/comments?post=437"}],"version-history":[{"count":6,"href":"https:\/\/gyerekbirodalom.hu\/en\/wp-json\/wp\/v2\/pages\/437\/revisions"}],"predecessor-version":[{"id":453,"href":"https:\/\/gyerekbirodalom.hu\/en\/wp-json\/wp\/v2\/pages\/437\/revisions\/453"}],"wp:attachment":[{"href":"https:\/\/gyerekbirodalom.hu\/en\/wp-json\/wp\/v2\/media?parent=437"}],"curies":[{"name":"wp","href":"https:\/\/api.w.org\/{rel}","templated":true}]}}