{"id":163,"date":"2020-06-16T10:48:23","date_gmt":"2020-06-16T10:48:23","guid":{"rendered":"http:\/\/gyerekbirodalom.hu\/?page_id=163"},"modified":"2020-07-09T12:43:20","modified_gmt":"2020-07-09T10:43:20","slug":"nyelvtanulas","status":"publish","type":"page","link":"https:\/\/gyerekbirodalom.hu\/en\/nyelvtanulas\/","title":{"rendered":"Languages"},"content":{"rendered":"<div data-elementor-type=\"wp-page\" data-elementor-id=\"163\" class=\"elementor elementor-163\" data-elementor-post-type=\"page\">\n\t\t\t\t\t\t\t\t\t<section class=\"elementor-section elementor-top-section elementor-element elementor-element-7ac205ea elementor-section-full_width elementor-section-content-middle elementor-section-height-default elementor-section-height-default\" data-id=\"7ac205ea\" data-element_type=\"section\" data-settings=\"{&quot;background_background&quot;:&quot;classic&quot;}\">\n\t\t\t\t\t\t\t<div class=\"elementor-background-overlay\"><\/div>\n\t\t\t\t\t\t\t<div class=\"elementor-container elementor-column-gap-no\">\n\t\t\t\t\t<div class=\"elementor-column elementor-col-100 elementor-top-column elementor-element elementor-element-6d4c36e0\" data-id=\"6d4c36e0\" data-element_type=\"column\">\n\t\t\t<div class=\"elementor-widget-wrap elementor-element-populated\">\n\t\t\t\t\t\t\t\t<div class=\"elementor-element elementor-element-22d7e587 elementor-widget elementor-widget-heading\" data-id=\"22d7e587\" data-element_type=\"widget\" data-widget_type=\"heading.default\">\n\t\t\t\t<div class=\"elementor-widget-container\">\n\t\t\t<h2 class=\"elementor-heading-title elementor-size-default\">Language learning<\/h2>\t\t<\/div>\n\t\t\t\t<\/div>\n\t\t\t\t\t<\/div>\n\t\t<\/div>\n\t\t\t\t\t\t\t<\/div>\n\t\t<\/section>\n\t\t\t\t<section class=\"elementor-section elementor-top-section elementor-element elementor-element-1c8efaf9 elementor-section-boxed elementor-section-height-default elementor-section-height-default\" data-id=\"1c8efaf9\" data-element_type=\"section\">\n\t\t\t\t\t\t<div class=\"elementor-container elementor-column-gap-default\">\n\t\t\t\t\t<div class=\"elementor-column elementor-col-50 elementor-top-column elementor-element elementor-element-44944f70 elementor-invisible\" data-id=\"44944f70\" data-element_type=\"column\" data-settings=\"{&quot;animation&quot;:&quot;fadeInLeft&quot;}\">\n\t\t\t<div class=\"elementor-widget-wrap elementor-element-populated\">\n\t\t\t\t\t\t\t\t<div class=\"elementor-element elementor-element-4ab67e12 elementor-widget elementor-widget-image\" data-id=\"4ab67e12\" data-element_type=\"widget\" data-widget_type=\"image.default\">\n\t\t\t\t<div class=\"elementor-widget-container\">\n\t\t\t\t\t\t\t\t\t\t\t\t\t\t\t<img decoding=\"async\" width=\"800\" height=\"800\" src=\"https:\/\/gyerekbirodalom.hu\/wp-content\/uploads\/2020\/06\/061_gyerekbirodalom_websize_jpg_250k-1024x1024.jpg\" class=\"attachment-large size-large wp-image-189\" alt=\"\" loading=\"lazy\" srcset=\"https:\/\/gyerekbirodalom.hu\/wp-content\/uploads\/2020\/06\/061_gyerekbirodalom_websize_jpg_250k-1024x1024.jpg 1024w, https:\/\/gyerekbirodalom.hu\/wp-content\/uploads\/2020\/06\/061_gyerekbirodalom_websize_jpg_250k-300x300.jpg 300w, https:\/\/gyerekbirodalom.hu\/wp-content\/uploads\/2020\/06\/061_gyerekbirodalom_websize_jpg_250k-150x150.jpg 150w, https:\/\/gyerekbirodalom.hu\/wp-content\/uploads\/2020\/06\/061_gyerekbirodalom_websize_jpg_250k-768x768.jpg 768w, https:\/\/gyerekbirodalom.hu\/wp-content\/uploads\/2020\/06\/061_gyerekbirodalom_websize_jpg_250k.jpg 1280w\" sizes=\"(max-width: 800px) 100vw, 800px\" \/>\t\t\t\t\t\t\t\t\t\t\t\t\t\t\t<\/div>\n\t\t\t\t<\/div>\n\t\t\t\t\t<\/div>\n\t\t<\/div>\n\t\t\t\t<div class=\"elementor-column elementor-col-50 elementor-top-column elementor-element elementor-element-787aa1ee elementor-invisible\" data-id=\"787aa1ee\" data-element_type=\"column\" data-settings=\"{&quot;animation&quot;:&quot;fadeInRight&quot;,&quot;animation_mobile&quot;:&quot;none&quot;}\">\n\t\t\t<div class=\"elementor-widget-wrap elementor-element-populated\">\n\t\t\t\t\t\t\t\t<div class=\"elementor-element elementor-element-804b2e7 elementor-hidden-phone elementor-widget elementor-widget-image\" data-id=\"804b2e7\" data-element_type=\"widget\" data-widget_type=\"image.default\">\n\t\t\t\t<div class=\"elementor-widget-container\">\n\t\t\t\t\t\t\t\t\t\t\t\t\t\t\t<img decoding=\"async\" width=\"512\" height=\"512\" src=\"https:\/\/gyerekbirodalom.hu\/wp-content\/uploads\/2020\/06\/england.png\" class=\"attachment-full size-full wp-image-168\" alt=\"\" loading=\"lazy\" srcset=\"https:\/\/gyerekbirodalom.hu\/wp-content\/uploads\/2020\/06\/england.png 512w, https:\/\/gyerekbirodalom.hu\/wp-content\/uploads\/2020\/06\/england-300x300.png 300w, https:\/\/gyerekbirodalom.hu\/wp-content\/uploads\/2020\/06\/england-150x150.png 150w\" sizes=\"(max-width: 512px) 100vw, 512px\" \/>\t\t\t\t\t\t\t\t\t\t\t\t\t\t\t<\/div>\n\t\t\t\t<\/div>\n\t\t\t\t<div class=\"elementor-element elementor-element-32fc3e69 elementor-widget elementor-widget-heading\" data-id=\"32fc3e69\" data-element_type=\"widget\" data-widget_type=\"heading.default\">\n\t\t\t\t<div class=\"elementor-widget-container\">\n\t\t\t<h2 class=\"elementor-heading-title elementor-size-default\">SONGS AND GAMES<\/h2>\t\t<\/div>\n\t\t\t\t<\/div>\n\t\t\t\t<div class=\"elementor-element elementor-element-4771b271 elementor-widget elementor-widget-text-editor\" data-id=\"4771b271\" data-element_type=\"widget\" data-widget_type=\"text-editor.default\">\n\t\t\t\t<div class=\"elementor-widget-container\">\n\t\t\t\t\t\t\t<p>We simultaneously use English and Hungarian in the group.  Activities and every daycare giving is bilingual. This way it becomes language acquisition rather than learning because children learn without noticing or making an effort, like they do it with their mother tongue. Songs , games, nursery rhymes, cultural holidays and traditions are also an important aspect of learning English in Gyerekbirodalom.<\/p>\t\t\t\t\t\t<\/div>\n\t\t\t\t<\/div>\n\t\t\t\t\t<\/div>\n\t\t<\/div>\n\t\t\t\t\t\t\t<\/div>\n\t\t<\/section>\n\t\t\t\t<section class=\"elementor-section elementor-top-section elementor-element elementor-element-2464497f elementor-section-stretched elementor-section-full_width elementor-section-height-default elementor-section-height-default\" data-id=\"2464497f\" data-element_type=\"section\" data-settings=\"{&quot;stretch_section&quot;:&quot;section-stretched&quot;}\">\n\t\t\t\t\t\t<div class=\"elementor-container elementor-column-gap-no\">\n\t\t\t\t\t<div class=\"elementor-column elementor-col-100 elementor-top-column elementor-element elementor-element-1c5bbfcd\" data-id=\"1c5bbfcd\" data-element_type=\"column\">\n\t\t\t<div class=\"elementor-widget-wrap elementor-element-populated\">\n\t\t\t\t\t\t\t\t<div class=\"elementor-element elementor-element-71bc181f elementor-arrows-position-inside elementor-widget elementor-widget-image-carousel\" data-id=\"71bc181f\" data-element_type=\"widget\" data-settings=\"{&quot;slides_to_show&quot;:&quot;2&quot;,&quot;navigation&quot;:&quot;arrows&quot;,&quot;autoplay&quot;:&quot;yes&quot;,&quot;pause_on_hover&quot;:&quot;yes&quot;,&quot;pause_on_interaction&quot;:&quot;yes&quot;,&quot;autoplay_speed&quot;:5000,&quot;infinite&quot;:&quot;yes&quot;,&quot;speed&quot;:500}\" data-widget_type=\"image-carousel.default\">\n\t\t\t\t<div class=\"elementor-widget-container\">\n\t\t\t\t\t<div class=\"elementor-image-carousel-wrapper swiper-container\" dir=\"ltr\">\n\t\t\t<div class=\"elementor-image-carousel swiper-wrapper\" aria-live=\"off\">\n\t\t\t\t\t\t\t\t<div class=\"swiper-slide\" role=\"group\" aria-roledescription=\"slide\" aria-label=\"1 of 10\"><figure class=\"swiper-slide-inner\"><img decoding=\"async\" class=\"swiper-slide-image\" src=\"https:\/\/gyerekbirodalom.hu\/wp-content\/uploads\/2020\/06\/066_gyerekbirodalom_websize_jpg_250k-1.jpg\" alt=\"066_gyerekbirodalom_websize_jpg_250k\" \/><\/figure><\/div><div class=\"swiper-slide\" role=\"group\" aria-roledescription=\"slide\" aria-label=\"2 of 10\"><figure class=\"swiper-slide-inner\"><img decoding=\"async\" class=\"swiper-slide-image\" src=\"https:\/\/gyerekbirodalom.hu\/wp-content\/uploads\/2020\/06\/012_gyerekbirodalom_websize_jpg_250k.jpg\" alt=\"012_gyerekbirodalom_websize_jpg_250k\" \/><\/figure><\/div><div class=\"swiper-slide\" role=\"group\" aria-roledescription=\"slide\" aria-label=\"3 of 10\"><figure class=\"swiper-slide-inner\"><img decoding=\"async\" class=\"swiper-slide-image\" src=\"https:\/\/gyerekbirodalom.hu\/wp-content\/uploads\/2020\/06\/149_gyerekbirodalom_websize_jpg_250k.jpg\" alt=\"149_gyerekbirodalom_websize_jpg_250k\" \/><\/figure><\/div><div class=\"swiper-slide\" role=\"group\" aria-roledescription=\"slide\" aria-label=\"4 of 10\"><figure class=\"swiper-slide-inner\"><img decoding=\"async\" class=\"swiper-slide-image\" src=\"https:\/\/gyerekbirodalom.hu\/wp-content\/uploads\/2020\/06\/019_gyerekbirodalom_websize_jpg_250k.jpg\" alt=\"019_gyerekbirodalom_websize_jpg_250k\" \/><\/figure><\/div><div class=\"swiper-slide\" role=\"group\" aria-roledescription=\"slide\" aria-label=\"5 of 10\"><figure class=\"swiper-slide-inner\"><img decoding=\"async\" class=\"swiper-slide-image\" src=\"https:\/\/gyerekbirodalom.hu\/wp-content\/uploads\/2020\/06\/145_gyerekbirodalom_websize_jpg_250k.jpg\" alt=\"145_gyerekbirodalom_websize_jpg_250k\" \/><\/figure><\/div><div class=\"swiper-slide\" role=\"group\" aria-roledescription=\"slide\" aria-label=\"6 of 10\"><figure class=\"swiper-slide-inner\"><img decoding=\"async\" class=\"swiper-slide-image\" src=\"https:\/\/gyerekbirodalom.hu\/wp-content\/uploads\/2020\/06\/034_gyerekbirodalom_websize_jpg_250k.jpg\" alt=\"034_gyerekbirodalom_websize_jpg_250k\" \/><\/figure><\/div><div class=\"swiper-slide\" role=\"group\" aria-roledescription=\"slide\" aria-label=\"7 of 10\"><figure class=\"swiper-slide-inner\"><img decoding=\"async\" class=\"swiper-slide-image\" src=\"https:\/\/gyerekbirodalom.hu\/wp-content\/uploads\/2020\/06\/076_gyerekbirodalom_websize_jpg_250k.jpg\" alt=\"076_gyerekbirodalom_websize_jpg_250k\" \/><\/figure><\/div><div class=\"swiper-slide\" role=\"group\" aria-roledescription=\"slide\" aria-label=\"8 of 10\"><figure class=\"swiper-slide-inner\"><img decoding=\"async\" class=\"swiper-slide-image\" src=\"https:\/\/gyerekbirodalom.hu\/wp-content\/uploads\/2020\/06\/045_gyerekbirodalom_websize_jpg_250k.jpg\" alt=\"045_gyerekbirodalom_websize_jpg_250k\" \/><\/figure><\/div><div class=\"swiper-slide\" role=\"group\" aria-roledescription=\"slide\" aria-label=\"9 of 10\"><figure class=\"swiper-slide-inner\"><img decoding=\"async\" class=\"swiper-slide-image\" src=\"https:\/\/gyerekbirodalom.hu\/wp-content\/uploads\/2020\/06\/125_gyerekbirodalom_websize_jpg_250k.jpg\" alt=\"125_gyerekbirodalom_websize_jpg_250k\" \/><\/figure><\/div><div class=\"swiper-slide\" role=\"group\" aria-roledescription=\"slide\" aria-label=\"10 of 10\"><figure class=\"swiper-slide-inner\"><img decoding=\"async\" class=\"swiper-slide-image\" src=\"https:\/\/gyerekbirodalom.hu\/wp-content\/uploads\/2020\/06\/098_gyerekbirodalom_websize_jpg_250k.jpg\" alt=\"098_gyerekbirodalom_websize_jpg_250k\" \/><\/figure><\/div>\t\t\t<\/div>\n\t\t\t\t\t\t\t\t\t\t\t\t<div class=\"elementor-swiper-button elementor-swiper-button-prev\" role=\"button\" tabindex=\"0\">\n\t\t\t\t\t\t<i aria-hidden=\"true\" class=\"eicon-chevron-left\"><\/i>\t\t\t\t\t<\/div>\n\t\t\t\t\t<div class=\"elementor-swiper-button elementor-swiper-button-next\" role=\"button\" tabindex=\"0\">\n\t\t\t\t\t\t<i aria-hidden=\"true\" class=\"eicon-chevron-right\"><\/i>\t\t\t\t\t<\/div>\n\t\t\t\t\n\t\t\t\t\t\t\t\t\t<\/div>\n\t\t\t\t<\/div>\n\t\t\t\t<\/div>\n\t\t\t\t\t<\/div>\n\t\t<\/div>\n\t\t\t\t\t\t\t<\/div>\n\t\t<\/section>\n\t\t\t\t<section class=\"elementor-section elementor-top-section elementor-element elementor-element-40bf3141 elementor-section-boxed elementor-section-height-default elementor-section-height-default\" data-id=\"40bf3141\" data-element_type=\"section\" data-settings=\"{&quot;background_background&quot;:&quot;classic&quot;}\">\n\t\t\t\t\t\t<div class=\"elementor-container elementor-column-gap-default\">\n\t\t\t\t\t<div class=\"elementor-column elementor-col-100 elementor-top-column elementor-element elementor-element-14a27f59\" data-id=\"14a27f59\" data-element_type=\"column\">\n\t\t\t<div class=\"elementor-widget-wrap elementor-element-populated\">\n\t\t\t\t\t\t\t\t<div class=\"elementor-element elementor-element-67d5ff22 elementor-widget elementor-widget-heading\" data-id=\"67d5ff22\" data-element_type=\"widget\" data-widget_type=\"heading.default\">\n\t\t\t\t<div class=\"elementor-widget-container\">\n\t\t\t<h2 class=\"elementor-heading-title elementor-size-default\">Support us with 1% of your tax<\/h2>\t\t<\/div>\n\t\t\t\t<\/div>\n\t\t\t\t<div class=\"elementor-element elementor-element-585a9ec elementor-widget elementor-widget-text-editor\" data-id=\"585a9ec\" data-element_type=\"widget\" data-widget_type=\"text-editor.default\">\n\t\t\t\t<div class=\"elementor-widget-container\">\n\t\t\t\t\t\t\t<p>Thank you for your support !<\/p><p><b>P\u00e1n P\u00e9ter K\u00f6zhaszn\u00fa Alap\u00edtv\u00e1ny<\/b><br \/><i>TAX number: 18108749-1-41<\/i><\/p>\t\t\t\t\t\t<\/div>\n\t\t\t\t<\/div>\n\t\t\t\t\t<\/div>\n\t\t<\/div>\n\t\t\t\t\t\t\t<\/div>\n\t\t<\/section>\n\t\t\t\t\t\t\t<\/div>","protected":false},"excerpt":{"rendered":"<p>NYELVTANUL\u00c1S \u00c9NEK \u00c9S J\u00c1T\u00c9K ANGOLUL A csoportban egy id\u0151ben van jelen az angol \u00e9s a magyar nyelv. A nevel\u00e9s, gondoz\u00e1s, \u00e9s maga a\u00a0 szocializ\u00e1ci\u00f3 folyamata is k\u00e9t nyelven t\u00f6rt\u00e9nik: ez voltak\u00e9ppen a nyelvelsaj\u00e1t\u00edt\u00e1s, hiszen \u00e9szrev\u00e9tlen\u00fcl tanulj\u00e1k meg a gyerekek az angolt, mintha az egy m\u00e1sik anyanyelv lenne. Ezen k\u00edv\u00fcl az \u00e9nekekre, ritmikus angol mond\u00f3k\u00e1kra, mozg\u00e1sos [&hellip;]<\/p>","protected":false},"author":1,"featured_media":0,"parent":0,"menu_order":0,"comment_status":"closed","ping_status":"closed","template":"elementor_header_footer","meta":[],"_links":{"self":[{"href":"https:\/\/gyerekbirodalom.hu\/en\/wp-json\/wp\/v2\/pages\/163"}],"collection":[{"href":"https:\/\/gyerekbirodalom.hu\/en\/wp-json\/wp\/v2\/pages"}],"about":[{"href":"https:\/\/gyerekbirodalom.hu\/en\/wp-json\/wp\/v2\/types\/page"}],"author":[{"embeddable":true,"href":"https:\/\/gyerekbirodalom.hu\/en\/wp-json\/wp\/v2\/users\/1"}],"replies":[{"embeddable":true,"href":"https:\/\/gyerekbirodalom.hu\/en\/wp-json\/wp\/v2\/comments?post=163"}],"version-history":[{"count":17,"href":"https:\/\/gyerekbirodalom.hu\/en\/wp-json\/wp\/v2\/pages\/163\/revisions"}],"predecessor-version":[{"id":581,"href":"https:\/\/gyerekbirodalom.hu\/en\/wp-json\/wp\/v2\/pages\/163\/revisions\/581"}],"wp:attachment":[{"href":"https:\/\/gyerekbirodalom.hu\/en\/wp-json\/wp\/v2\/media?parent=163"}],"curies":[{"name":"wp","href":"https:\/\/api.w.org\/{rel}","templated":true}]}}